{"id":25,"date":"2015-07-14T12:42:39","date_gmt":"2015-07-14T12:42:39","guid":{"rendered":"http:\/\/fraterteszthu.web-server.hu\/?page_id=25"},"modified":"2025-11-14T09:55:09","modified_gmt":"2025-11-14T08:55:09","slug":"alapitvany","status":"publish","type":"page","link":"https:\/\/fratersajolad.hu\/?page_id=25","title":{"rendered":"K\u00f6zz\u00e9t\u00e9teli lista"},"content":{"rendered":"<p>A k\u00f6zz\u00e9t\u00e9teli lista a\u00a0<a href=\"https:\/\/net.jogtar.hu\/jr\/gen\/hjegy_doc.cgi?docid=a1200229.kor\" target=\"_blank\" rel=\"noopener\">229\/2012. (VIII. 28.) Korm. rendelet\u00a0a nemzeti k\u00f6znevel\u00e9sr\u0151l sz\u00f3l\u00f3 t\u00f6rv\u00e9ny v\u00e9grehajt\u00e1s\u00e1r\u00f3l<\/a>, 10. A t\u00e1j\u00e9koztat\u00f3 rendszer \u00e9s a k\u00f6znevel\u00e9si int\u00e9zm\u00e9nyek k\u00f6zz\u00e9t\u00e9teli list\u00e1ja 23.\u00a7(1),(3) \u00e9s 24.\u00a7 figyelembev\u00e9tel\u00e9vel k\u00e9sz\u00fclt.<\/p>\n<p><strong>A felv\u00e9teli lehet\u0151s\u00e9gekr\u0151l sz\u00f3l\u00f3 t\u00e1j\u00e9koztat\u00f3<\/strong><\/p>\n<ul>\n<li><a href=\"http:\/\/fratersajolad.hu\/wp-content\/uploads\/2018\/03\/A-felv%C3%A9teli-lehet%C5%91s%C3%A9gr%C5%91l-sz%C3%B3l%C3%B3-t%C3%A1j%C3%A9koztat%C3%B3.pdf\" target=\"_blank\" rel=\"noopener\">Felv\u00e9teli lehet\u0151s\u00e9g<\/a><\/li>\n<\/ul>\n<p><strong>A beiratkoz\u00e1sra meghat\u00e1rozott id\u0151<\/strong><\/p>\n<ul>\n<li>A 2026\/2027 tan\u00e9vre k\u00f6zpontilag meghat\u00e1rozott id\u0151pontban, <strong>2026. \u00e1prilis 23-24<\/strong>\u00a0-\u00e9n iratkozhatnak be a leend\u0151 els\u0151 oszt\u00e1lyos tanul\u00f3k.<\/li>\n<\/ul>\n<p><strong>A fenntart\u00f3 \u00e1ltal enged\u00e9lyezett oszt\u00e1lyok, csoportok sz\u00e1ma<\/strong><\/p>\n<ul>\n<li>A 2025\/2026-os tan\u00e9vre sz\u00e9khelyen: 16 tanul\u00f3 csoportot<\/li>\n<li>tagint\u00e9zm\u00e9nyben: 4 tanul\u00f3 csoportot enged\u00e9lyezett a fenntart\u00f3<\/li>\n<\/ul>\n<p><strong>K\u00f6znevel\u00e9si feladatot ell\u00e1t\u00f3 int\u00e9zm\u00e9nyegys\u00e9genk\u00e9nt a t\u00e9r\u00edt\u00e9si d\u00edj, a tand\u00edj, egy\u00e9b d\u00edjfizet\u00e9si k\u00f6telezetts\u00e9g (a tov\u00e1bbiakban egy\u00fctt: d\u00edj) jogc\u00edme \u00e9s m\u00e9rt\u00e9ke, tov\u00e1bb\u00e1 tan\u00e9venk\u00e9nt, nevel\u00e9si \u00e9venk\u00e9nt az egy f\u0151re meg\u00e1llap\u00edtott d\u00edjak m\u00e9rt\u00e9ke, a fenntart\u00f3 \u00e1ltal adhat\u00f3 kedvezm\u00e9nyek, a jogosults\u00e1gi \u00e9s ig\u00e9nyl\u00e9si felt\u00e9telek.<\/strong><\/p>\n<ul>\n<li><a href=\"http:\/\/fratersajolad.hu\/wp-content\/uploads\/2025\/11\/ethat_2025.pdf\" target=\"_blank\" rel=\"noopener\">Az int\u00e9zm\u00e9nyben fizetend\u0151 \u00e9tkez\u00e9si t\u00e9r\u00edt\u00e9si d\u00edj<\/a>, valamint a\u00a0<a href=\"http:\/\/fratersajolad.hu\/wp-content\/uploads\/2025\/11\/teritesi_hat2025.pdf\" target=\"_blank\" rel=\"noopener\">m\u0171v\u00e9szeti iskola t\u00e9r\u00edt\u00e9si d\u00edj \u00e9s tand\u00edj<\/a> meg\u00e1llap\u00edtott \u00f6sszege<\/li>\n<\/ul>\n<p><strong>A fenntart\u00f3 nevel\u00e9si-oktat\u00e1si int\u00e9zm\u00e9ny munk\u00e1j\u00e1val \u00f6sszef\u00fcgg\u0151 \u00e9rt\u00e9kel\u00e9s\u00e9nek nyilv\u00e1nos meg\u00e1llap\u00edt\u00e1sai \u00e9s id\u0151pontjai<\/strong><\/p>\n<ul>\n<li><a href=\"http:\/\/fratersajolad.hu\/wp-content\/uploads\/2018\/03\/Fenntart%C3%B3i-ellen%C5%91rz%C3%A9s.pdf\" target=\"_blank\" rel=\"noopener\">fenntart\u00f3i ellen\u0151rz\u00e9s tapasztalatai<\/a><\/li>\n<\/ul>\n<p><strong>A nevel\u00e9si-oktat\u00e1si int\u00e9zm\u00e9ny nyitva tart\u00e1s\u00e1nak rendje<\/strong><\/p>\n<ul>\n<li><a href=\"http:\/\/fratersajolad.hu\/wp-content\/uploads\/2018\/03\/Nyitvatart%C3%A1si-rend.pdf\" target=\"_blank\" rel=\"noopener\">nyitvatart\u00e1sok rendje<\/a><\/li>\n<\/ul>\n<p><strong>\u00c9ves munkaterv alapj\u00e1n a nevel\u00e9si \u00e9vben, tan\u00e9vben tervezett jelent\u0151sebb rendezv\u00e9nyek, esem\u00e9nyek id\u0151pontjai<\/strong><\/p>\n<ul>\n<li><a href=\"http:\/\/fratersajolad.hu\/wp-content\/uploads\/2025\/10\/SL-Munkaterv-es-esemenynaptar-2025.pdf\" target=\"_blank\" rel=\"noopener\">2025\/2026. tan\u00e9v munkaterv Saj\u00f3l\u00e1d<\/a><\/li>\n<li><a href=\"http:\/\/fratersajolad.hu\/wp-content\/uploads\/2025\/10\/SP-Munkaterv-2025_2026.pdf\" target=\"_blank\" rel=\"noopener\">2025\/2026. tan\u00e9v munkaterv Saj\u00f3petri<\/a><\/li>\n<li><a href=\"http:\/\/fratersajolad.hu\/wp-content\/uploads\/2025\/10\/SL-Teremtesvedelmi-munkaterv-2025_-26.pdf\" target=\"_blank\" rel=\"noopener\">2025\/2026. tan\u00e9v Teremt\u00e9sv\u00e9delmi munkaterv Saj\u00f3l\u00e1d<\/a><\/li>\n<li><a href=\"http:\/\/fratersajolad.hu\/wp-content\/uploads\/2025\/10\/SP-Teremtesvedelmi-munkaterv-2025-2026.pdf\" target=\"_blank\" rel=\"noopener\">2025\/2026. tan\u00e9v Teremt\u00e9sv\u00e9delmi munkaterv Saj\u00f3petri<\/a><\/li>\n<li><a href=\"http:\/\/fratersajolad.hu\/wp-content\/uploads\/2025\/10\/SL-Hiteleti-Munkaterv-2025-26.pdf\" target=\"_blank\" rel=\"noopener\">2025\/2026. tan\u00e9v Hit\u00e9leti munkaterv Saj\u00f3l\u00e1d<\/a><\/li>\n<li><a href=\"http:\/\/fratersajolad.hu\/wp-content\/uploads\/2025\/10\/SP-Hiteleti-munkaterv-2025-2026.pdf\" target=\"_blank\" rel=\"noopener\">2025\/2026. tan\u00e9v Hit\u00e9leti munkaterv Saj\u00f3petri<\/a><\/li>\n<\/ul>\n<p><strong>Pedag\u00f3giai-szakmai ellen\u0151rz\u00e9s\u00a0meg\u00e1llap\u00edt\u00e1sai a szem\u00e9lyes adatok v\u00e9delm\u00e9re vonatkoz\u00f3 jogszab\u00e1lyok megtart\u00e1s\u00e1val<\/strong><\/p>\n<ul>\n<li>Int\u00e9zm\u00e9nyi tanfel\u00fcgyelet Saj\u00f3l\u00e1d: 2025.03.06.<\/li>\n<li>M\u0171v\u00e9szeti iskola int\u00e9zm\u00e9nyi tanfel\u00fcgyelet: 2024.05.31.<\/li>\n<li>Int\u00e9zm\u00e9nyvezet\u0151i tanfel\u00fcgyelet: 2023.02.24.<\/li>\n<li>Tagint\u00e9zm\u00e9ny-vezet\u0151i tanfel\u00fcgyelet: 2016.11.24.<\/li>\n<li>Int\u00e9zm\u00e9nyi tanfel\u00fcgyelet Saj\u00f3l\u00e1d: 2019.02.07.<\/li>\n<li>Int\u00e9zm\u00e9nyi tanfel\u00fcgyelet Saj\u00f3petri: 2017.06.15.<\/li>\n<\/ul>\n<p><strong>A tanul\u00f3k le-\u00e9s kimarad\u00e1s\u00e1val, \u00e9vfolyam ism\u00e9tl\u00e9s\u00e9vel kapcsolatos adatok\u00a0<\/strong><\/p>\n<ul>\n<li>A 2025\/2026. tan\u00e9vben \u00e9vfolyamism\u00e9tl\u0151 tanul\u00f3k sz\u00e1ma sz\u00e9khelyen: 13 f\u0151<\/li>\n<li>tagiskol\u00e1ban: 1 f\u0151<\/li>\n<\/ul>\n<p><a href=\"http:\/\/fratersajolad.hu\/wp-content\/uploads\/2025\/10\/Delutani-foglalkozasok-2025-2026.pdf\" target=\"_blank\" rel=\"noopener\">\u00a0<strong>A tan\u00f3r\u00e1n k\u00edv\u00fcli egy\u00e9b foglalkoz\u00e1sok ig\u00e9nybev\u00e9tel\u00e9nek lehet\u0151s\u00e9gei.<\/strong><\/a><\/p>\n<p><strong>Szakk\u00f6ri, sportk\u00f6ri foglalkoz\u00e1sok 2025\/2026<\/strong><\/p>\n<table style=\"border: 3px solid darkgreen; border-collapse: collapse; width: 100%;\">\n<tbody>\n<tr style=\"background-color: coral; border-top: 2px solid darkblue;\">\n<td width=\"155\"><strong>\u00a0<\/strong><\/td>\n<td width=\"155\"><strong>H\u00c9TF\u0150<\/strong><\/td>\n<td width=\"155\"><strong>KEDD<\/strong><\/td>\n<td width=\"148\"><strong>SZERDA<\/strong><\/td>\n<td width=\"163\"><strong>CS\u00dcT\u00d6RT\u00d6K<\/strong><\/td>\n<td width=\"156\"><strong>P\u00c9NTEK<\/strong><\/td>\n<\/tr>\n<tr style=\"border-top: 2px solid darkblue;\">\n<td style=\"vertical-align: middle;\" width=\"155\">\n<p style=\"text-align: center;\">6. \u00f3ra<br \/>\n12.35-13.20<\/p>\n<\/td>\n<td style=\"vertical-align: middle;\" width=\"155\"><strong>2.\u00e9vfolyam matematika<\/strong><br \/>\n<strong>szakk\u00f6r<\/strong> &#8211; Luk\u00e1csn\u00e9 Varga T\u00fcnde<strong>4. \u00e9vfolyam<\/strong><br \/>\n<strong>Tehets\u00e9ggondoz\u00f3<\/strong><br \/>\n<strong>szakk\u00f6r<\/strong> &#8211; Garami Zs\u00f3ka<strong>Gy\u00f3gytestnevel\u00e9s als\u00f3<\/strong><br \/>\n<strong>tagozat<\/strong> &#8211; Kaczvinszkin\u00e9<br \/>\nSzigetv\u00e1ri Adrienn<\/td>\n<td style=\"vertical-align: middle;\" width=\"155\"><strong>3.\u00e9vfolyam<\/strong><br \/>\n<strong>ROBOTIKA<\/strong> &#8211;<br \/>\nT\u00f3zsa-Tomcsik J\u00falia<\/td>\n<td style=\"vertical-align: middle;\" width=\"148\"><strong>4.\u00e9vfolyam<\/strong><br \/>\n<strong>ROBOTIKA<\/strong> &#8211;<br \/>\nT\u00f3zsa-Tomcsik J\u00falia<\/td>\n<td style=\"vertical-align: middle;\" width=\"163\"><strong>4. \u00e9vfolyam<\/strong><br \/>\n<strong>Tehets\u00e9ggondoz\u00f3<\/strong><br \/>\n<strong>szakk\u00f6r<\/strong> &#8211;<br \/>\nDobosn\u00e9 Spirny\u00e1k<br \/>\nErzs\u00e9bet<\/td>\n<td style=\"vertical-align: middle;\" width=\"156\"><strong>\u00a0<\/strong><\/td>\n<\/tr>\n<tr style=\"border-top: 2px solid darkblue;\">\n<td style=\"vertical-align: middle;\" width=\"155\">\n<p style=\"text-align: center;\">7. \u00f3ra<br \/>\n13.40-14.25<\/p>\n<\/td>\n<td style=\"vertical-align: middle;\" width=\"155\"><strong>5. \u00e9vfolyam<\/strong><br \/>\n<strong>\u00d6KO szakk\u00f6r<\/strong> &#8211;<br \/>\nFicsor M\u00e1rtonn\u00e9<strong>8.\u00e9vfolyam<\/strong><br \/>\n<strong>K\u00f6z\u00e9piskolai<\/strong><br \/>\n<strong>el\u0151k\u00e9sz\u00edt\u0151 &#8211;\u00a0<\/strong><br \/>\nMezei Marianna<strong>Focisuli 3-4. \u00e9vfolyam<\/strong> &#8211;<br \/>\nDoszpoly G\u00e1bor<strong>Gy\u00f3gytestnevel\u00e9s als\u00f3<\/strong><br \/>\n<strong>tagozat<\/strong> &#8211; Kaczvinszkin\u00e9<br \/>\nSzigetv\u00e1ri Adrienn<\/td>\n<td style=\"vertical-align: middle;\" width=\"155\"><strong>3.\u00e9vfolyam<\/strong><br \/>\n<strong>ROBOTIKA<\/strong> &#8211;<br \/>\nT\u00f3zsa-Tomcsik J\u00falia<strong>Focisuli 3-4. \u00e9vfolyam<\/strong> &#8211;<br \/>\nDoszpoly G\u00e1bor<\/td>\n<td style=\"vertical-align: middle;\" width=\"148\"><strong>4.\u00e9vfolyam<\/strong><br \/>\n<strong>ROBOTIKA<\/strong> &#8211;<br \/>\nT\u00f3zsa-Tomcsik J\u00falia<\/td>\n<td style=\"vertical-align: middle;\" width=\"163\"><strong>6. \u00e9vfolyam<\/strong><br \/>\n<strong>\u00c9A szakk\u00f6r<\/strong> &#8211;<br \/>\nFicsor M\u00e1rtonn\u00e9<strong>Focisuli 5-6. \u00e9vfolyam<\/strong> &#8211;<br \/>\nDoszpoly G\u00e1bor<\/td>\n<td style=\"vertical-align: middle;\" width=\"156\"><strong>Focisuli 7-8. \u00e9vfolyam<\/strong> &#8211;<br \/>\nDoszpoly G\u00e1bor<\/td>\n<\/tr>\n<tr style=\"border-top: 2px solid darkblue;\">\n<td style=\"vertical-align: middle;\" valign=\"middle\" width=\"155\">\n<p style=\"text-align: center;\">8. \u00f3ra<br \/>\n14.30-15.15<\/p>\n<\/td>\n<td style=\"vertical-align: middle;\" width=\"155\"><strong>Focisuli 3-4. \u00e9vfolyam<\/strong> &#8211;<br \/>\nDoszpoly G\u00e1bor<strong>Gy\u00f3gytestnevel\u00e9s fels\u0151<\/strong><br \/>\n<strong>tagozat<\/strong> &#8211; Kaczvinszkin\u00e9<br \/>\nSzigetv\u00e1ri Adrienn<\/td>\n<td style=\"vertical-align: middle;\" width=\"155\"><strong>8.\u00e9vfolyam<\/strong><br \/>\n<strong>K\u00f6z\u00e9piskolai<\/strong><br \/>\n<strong>el\u0151k\u00e9sz\u00edt\u0151 &#8211;\u00a0<\/strong><br \/>\nMezei Marianna<strong>Focisuli 1-2. \u00e9vfolyam<\/strong> &#8211;<br \/>\nDoszpoly G\u00e1bor<\/td>\n<td style=\"vertical-align: middle;\" width=\"148\"><\/td>\n<td style=\"vertical-align: middle;\" width=\"163\"><strong>Focisuli 5-6. \u00e9vfolyam<\/strong> &#8211;<br \/>\nDoszpoly G\u00e1bor<\/td>\n<td style=\"vertical-align: middle;\" width=\"156\"><strong>Focisuli 7-8. \u00e9vfolyam<\/strong> &#8211;<br \/>\nDoszpoly G\u00e1bor<\/td>\n<\/tr>\n<tr style=\"border-top: 2px solid darkblue;\">\n<td style=\"vertical-align: middle;\" width=\"155\">\n<p style=\"text-align: center;\">9. \u00f3ra<br \/>\n15.20.-16.05<\/p>\n<\/td>\n<td style=\"vertical-align: middle;\" width=\"155\"><strong>Gy\u00f3gytestnevel\u00e9s fels\u0151<\/strong><br \/>\n<strong>tagozat<\/strong> &#8211; Kaczvinszkin\u00e9<br \/>\nSzigetv\u00e1ri Adrienn<\/td>\n<td style=\"vertical-align: middle;\" width=\"155\"><\/td>\n<td style=\"vertical-align: middle;\" width=\"148\"><\/td>\n<td style=\"vertical-align: middle;\" width=\"163\"><\/td>\n<td style=\"vertical-align: middle;\" width=\"156\"><\/td>\n<\/tr>\n<\/tbody>\n<\/table>\n<p>&nbsp;<\/p>\n<p><strong>BTMN tant\u00e1rgyi fejleszt\u00e9sek 2025\/2026 tan\u00e9v<\/strong><\/p>\n<table style=\"border: 3px solid darkgreen; border-collapse: collapse; width: 100%;\">\n<tbody>\n<tr style=\"background-color: coral; border-top: 2px solid darkblue;\">\n<td style=\"vertical-align: middle;\" width=\"155\"><strong>\u00a0<\/strong><\/td>\n<td style=\"vertical-align: middle;\" width=\"155\"><strong>H\u00c9TF\u0150<\/strong><\/td>\n<td style=\"vertical-align: middle;\" width=\"155\"><strong>KEDD<\/strong><\/td>\n<td style=\"vertical-align: middle;\" width=\"148\"><strong>SZERDA<\/strong><\/td>\n<td style=\"vertical-align: middle;\" width=\"163\"><strong>CS\u00dcT\u00d6RT\u00d6K<\/strong><\/td>\n<td style=\"vertical-align: middle;\" width=\"156\"><strong>P\u00c9NTEK<\/strong><\/td>\n<\/tr>\n<tr style=\"border-top: 2px solid darkblue;\">\n<td style=\"vertical-align: middle;\" width=\"155\">\n<p style=\"text-align: center;\">6. \u00f3ra<br \/>\n12.35-13.20<\/p>\n<\/td>\n<td style=\"vertical-align: middle;\" width=\"155\"><strong>1.a <\/strong>&#8211; Dud\u00e1sn\u00e9 B\u00f3csi<br \/>\nNikoletta<strong>3.a<\/strong> &#8211; Tomp\u00e1n\u00e9 Rajna<br \/>\nT\u00fcnde<\/td>\n<td style=\"vertical-align: middle;\" width=\"155\"><strong>1. b<\/strong> &#8211; M\u00e9sz\u00e1ros Csilla<\/p>\n<p><strong>5.b<\/strong> &#8211; Kert\u00e9sz Zsolt<\/td>\n<td style=\"vertical-align: middle;\" width=\"148\"><strong>2.a-b<\/strong> &#8211; M\u00e9sz\u00e1ros Csilla<\/p>\n<p><strong>3.b<\/strong> &#8211; Szab\u00f3 Judit<\/td>\n<td style=\"vertical-align: middle;\" width=\"163\"><\/td>\n<td style=\"vertical-align: middle;\" width=\"156\"><strong>6.b<\/strong>&#8211; Kert\u00e9sz Zsolt<\/td>\n<\/tr>\n<tr style=\"border-top: 2px solid darkblue;\">\n<td style=\"vertical-align: middle;\" width=\"155\">\n<p style=\"text-align: center;\">7. \u00f3ra<br \/>\n13.40-14.25<\/p>\n<\/td>\n<td style=\"vertical-align: middle;\" width=\"155\"><strong>5.a<\/strong> &#8211; Szab\u00f3 Judit<\/p>\n<p><strong>6.a<\/strong> &#8211; Luk\u00e1csn\u00e9 Varga<br \/>\nT\u00fcnde<\/p>\n<p><strong>4\/1<\/strong> &#8211; Dobosn\u00e9 Spirny\u00e1k<br \/>\nErzs\u00e9bet<\/td>\n<td style=\"vertical-align: middle;\" width=\"155\"><\/td>\n<td style=\"vertical-align: middle;\" width=\"148\"><strong>4\/2<\/strong> &#8211; Antal L\u00e1szl\u00f3n\u00e9<\/td>\n<td style=\"vertical-align: middle;\" width=\"163\"><\/td>\n<td style=\"vertical-align: middle;\" width=\"156\"><\/td>\n<\/tr>\n<tr style=\"border-top: 2px solid darkblue;\">\n<td style=\"vertical-align: middle;\" width=\"155\">\n<p style=\"text-align: center;\">8. \u00f3ra<br \/>\n14.25-15.10<\/p>\n<\/td>\n<td style=\"vertical-align: middle;\" width=\"155\"><\/td>\n<td style=\"vertical-align: middle;\" width=\"155\"><\/td>\n<td style=\"vertical-align: middle;\" width=\"148\"><strong>7.a-b<\/strong> &#8211; Fazekas Anna M\u00e1ria<\/td>\n<td style=\"vertical-align: middle;\" width=\"163\"><strong>8.a-b<\/strong> &#8211; T\u00f6r\u00f6k P\u00e9ter<\/td>\n<td style=\"vertical-align: middle;\" width=\"156\"><strong>\u00a0<\/strong><\/td>\n<\/tr>\n<\/tbody>\n<\/table>\n<p>&nbsp;<\/p>\n<p><!--\n<strong>BTMN fejleszt\u00e9sek<\/strong>\n\n\n<table style=\"border: 3px solid darkgreen; border-collapse: collapse; width: 100%; height: 515px;\">\n\n\n<tbody>\n\n\n<tr style=\"background-color: coral; border-top: 2px solid darkblue;\">\n\n\n<td style=\"vertical-align: middle;\" width=\"155\"><strong>\u00a0<\/strong><\/td>\n\n\n\n\n<td style=\"vertical-align: middle;\" width=\"155\"><strong>H\u00c9TF\u0150<\/strong><\/td>\n\n\n\n\n<td style=\"vertical-align: middle;\" width=\"155\"><strong>KEDD<\/strong><\/td>\n\n\n\n\n<td style=\"vertical-align: middle;\" width=\"148\"><strong>SZERDA<\/strong><\/td>\n\n\n\n\n<td style=\"vertical-align: middle;\" width=\"163\"><strong>CS\u00dcT\u00d6RT\u00d6K<\/strong><\/td>\n\n\n\n\n<td style=\"vertical-align: middle;\" width=\"156\"><strong>P\u00c9NTEK<\/strong><\/td>\n\n\n<\/tr>\n\n\n\n\n<tr style=\"border-top: 2px solid darkblue;\">\n\n\n<td style=\"vertical-align: middle;\" width=\"155\">\n\n\n<p style=\"text-align: center;\">1. \u00f3ra\n08.00-08.45<\/td>\n\n\n\n\n<td style=\"vertical-align: middle;\" width=\"155\">\n\n\n<p style=\"text-align: left;\"><\/td>\n\n\n\n\n<td style=\"vertical-align: middle;\" width=\"155\"><\/td>\n\n\n\n\n<td style=\"vertical-align: middle;\" width=\"148\"><strong>BTMN fejleszt\u00e9s 1<\/strong> - Szendrein\u00e9 Millner\nM\u00f3nika<\/td>\n\n\n\n\n<td style=\"vertical-align: middle;\" width=\"163\"><\/td>\n\n\n\n\n<td style=\"vertical-align: middle;\" width=\"156\"><strong>\u00a0<\/strong><\/td>\n\n\n<\/tr>\n\n\n\n\n<tr style=\"border-top: 2px solid darkblue;\">\n\n\n<td style=\"vertical-align: middle;\" width=\"155\">\n\n\n<p style=\"text-align: center;\">2. \u00f3ra\n08.50-09.35<\/td>\n\n\n\n\n<td style=\"vertical-align: middle;\" width=\"155\"><\/td>\n\n\n\n\n<td style=\"vertical-align: middle;\" width=\"155\"><\/td>\n\n\n\n\n<td style=\"vertical-align: middle;\" width=\"148\"><\/td>\n\n\n\n\n<td style=\"vertical-align: middle;\" width=\"163\"><\/td>\n\n\n\n\n<td style=\"vertical-align: middle;\" width=\"156\"><strong>\u00a0<\/strong><\/td>\n\n\n<\/tr>\n\n\n\n\n<tr style=\"border-top: 2px solid darkblue;\">\n\n\n<td style=\"vertical-align: middle;\" width=\"155\">\n\n\n<p style=\"text-align: center;\">3. \u00f3ra\n09.45-10.30<\/td>\n\n\n\n\n<td style=\"vertical-align: middle;\" width=\"155\"><strong>BTMN fejleszt\u00e9s 4.<\/strong> - Szendrein\u00e9 Millner M\u00f3nika<\/td>\n\n\n\n\n<td style=\"vertical-align: middle;\" width=\"155\"><strong>BTMN fejleszt\u00e9s 8.<\/strong> - Szendrein\u00e9 Millner M\u00f3nika<\/td>\n\n\n\n\n<td style=\"vertical-align: middle;\" width=\"148\"><\/td>\n\n\n\n\n<td style=\"vertical-align: middle;\" width=\"163\"><strong>BTMN fejleszt\u00e9s 3.<\/strong> - Szendrein\u00e9 Millner M\u00f3nika<\/td>\n\n\n\n\n<td style=\"vertical-align: middle;\" width=\"156\"><strong> BTMN fejleszt\u00e9s 7. - <\/strong>Szendrein\u00e9 Millner M\u00f3nika<\/td>\n\n\n<\/tr>\n\n\n\n\n<tr style=\"border-top: 2px solid darkblue;\">\n\n\n<td style=\"vertical-align: middle;\" width=\"155\">\n\n\n<p style=\"text-align: center;\">4. \u00f3ra\n10.40-11.25<\/td>\n\n\n\n\n<td style=\"vertical-align: middle;\" width=\"155\">\n\n\n<p style=\"text-align: left;\"><\/td>\n\n\n\n\n<td style=\"vertical-align: middle;\" width=\"155\"><\/td>\n\n\n\n\n<td style=\"vertical-align: middle;\" width=\"148\"><strong>BTMN fejleszt\u00e9s 5.<\/strong> - Szendrein\u00e9 Millner M\u00f3nika<\/td>\n\n\n\n\n<td style=\"vertical-align: middle;\" width=\"163\"><\/td>\n\n\n\n\n<td style=\"vertical-align: middle;\" width=\"156\"><strong>\u00a0<\/strong><\/td>\n\n\n<\/tr>\n\n\n\n\n<tr style=\"border-top: 2px solid darkblue;\">\n\n\n<td style=\"vertical-align: middle;\" width=\"155\">\n\n\n<p style=\"text-align: center;\">5. \u00f3ra\n11.45-12.30<\/td>\n\n\n\n\n<td style=\"vertical-align: middle;\" width=\"155\">\n\n\n<p style=\"text-align: left;\"><\/td>\n\n\n\n\n<td style=\"vertical-align: middle;\" width=\"155\"><\/td>\n\n\n\n\n<td style=\"vertical-align: middle;\" width=\"148\"><\/td>\n\n\n\n\n<td style=\"vertical-align: middle;\" width=\"163\"><\/td>\n\n\n\n\n<td style=\"vertical-align: middle;\" width=\"156\"><strong>\u00a0<\/strong><\/td>\n\n\n<\/tr>\n\n\n\n\n<tr style=\"border-top: 2px solid darkblue;\">\n\n\n<td style=\"vertical-align: middle;\" width=\"155\">\n\n\n<p style=\"text-align: center;\">6. \u00f3ra\n12.35-13.20<\/td>\n\n\n\n\n<td style=\"vertical-align: middle;\" width=\"155\">\n\n\n<p style=\"text-align: left;\"><\/td>\n\n\n\n\n<td style=\"vertical-align: middle;\" width=\"155\"><\/td>\n\n\n\n\n<td style=\"vertical-align: middle;\" width=\"148\"><strong>BTMN fejleszt\u00e9s 6.<\/strong> - Szendrein\u00e9 Millner M\u00f3nika<\/td>\n\n\n\n\n<td style=\"vertical-align: middle;\" width=\"163\"><strong>BTMN fejleszt\u00e9s 2.<\/strong> - Szendrein\u00e9 Millner M\u00f3nika<\/td>\n\n\n\n\n<td style=\"vertical-align: middle;\" width=\"156\"><strong>\u00a0<\/strong><\/td>\n\n\n<\/tr>\n\n\n\n\n<tr style=\"border-top: 2px solid darkblue;\">\n\n\n<td style=\"vertical-align: middle;\" width=\"155\">\n\n\n<p style=\"text-align: center;\">7. \u00f3ra\n13.40-14.25<\/td>\n\n\n\n\n<td style=\"vertical-align: middle;\" width=\"155\"><\/td>\n\n\n\n\n<td style=\"vertical-align: middle;\" width=\"155\"><\/td>\n\n\n\n\n<td style=\"vertical-align: middle;\" width=\"148\"><\/td>\n\n\n\n\n<td style=\"vertical-align: middle;\" width=\"163\"><\/td>\n\n\n\n\n<td style=\"vertical-align: middle;\" width=\"156\"><\/td>\n\n\n<\/tr>\n\n\n\n\n<tr style=\"border-top: 2px solid darkblue;\">\n\n\n<td style=\"vertical-align: middle;\" width=\"155\">\n\n\n<p style=\"text-align: center;\">8. \u00f3ra\n14.25-15.10<\/td>\n\n\n\n\n<td style=\"vertical-align: middle;\" width=\"155\"><\/td>\n\n\n\n\n<td style=\"vertical-align: middle;\" width=\"155\"><\/td>\n\n\n\n\n<td style=\"vertical-align: middle;\" width=\"148\"><\/td>\n\n\n\n\n<td style=\"vertical-align: middle;\" width=\"163\"><\/td>\n\n\n\n\n<td style=\"vertical-align: middle;\" width=\"156\"><strong>\u00a0<\/strong><\/td>\n\n\n<\/tr>\n\n\n<\/tbody>\n\n\n<\/table>\n\n\n&nbsp;\n--><\/p>\n<p><strong>A h\u00e9tv\u00e9gi\u00a0h\u00e1zi feladatok \u00e9s az iskolai dolgozatok szab\u00e1lyai<\/strong><\/p>\n<ul>\n<li><a href=\"http:\/\/fratersajolad.hu\/wp-content\/uploads\/2018\/03\/H%C3%A1zi-feladatok-%C3%A9s-az-iskolai-dolgozatok-szab%C3%A1lyai.pdf\" target=\"_blank\" rel=\"noopener\">H\u00e9tv\u00e9gi h\u00e1zi feladatok, dolgozatok szab\u00e1lyai<\/a><\/li>\n<\/ul>\n<p><strong>Az oszt\u00e1lyoz\u00f3 vizsga tant\u00e1rgyank\u00e9nti, \u00e9vfolyamonk\u00e9nti k\u00f6vetelm\u00e9nyei (helyi tantervek), a\u00a0tanulm\u00e1nyok alatti vizsg\u00e1k tervezett ideje<\/strong><\/p>\n<ul>\n<li><a href=\"http:\/\/fratersajolad.hu\/wp-content\/uploads\/2018\/03\/Tanulm%C3%A1nyok-alatti-vizsg%C3%A1k-szab%C3%A1lyai.pdf\" target=\"_blank\" rel=\"noopener\">Vizsgatervezet<\/a><\/li>\n<\/ul>\n<p><strong>Az iskolai oszt\u00e1lyok sz\u00e1ma \u00e9s az egyes oszt\u00e1lyokban a tanul\u00f3k l\u00e9tsz\u00e1ma<\/strong><\/p>\n<ul>\n<li><a href=\"http:\/\/fratersajolad.hu\/wp-content\/uploads\/2025\/10\/letszam_25.10.01.pdf\" target=\"_blank\" rel=\"noopener\">L\u00e9tsz\u00e1m<\/a> (friss\u00edtve: 2025.10.01)<\/li>\n<\/ul>\n<p>&nbsp;<\/p>\n","protected":false},"excerpt":{"rendered":"<p>A k\u00f6zz\u00e9t\u00e9teli lista a\u00a0229\/2012. (VIII. 28.) Korm. rendelet\u00a0a nemzeti k\u00f6znevel\u00e9sr\u0151l sz\u00f3l\u00f3 t\u00f6rv\u00e9ny v\u00e9grehajt\u00e1s\u00e1r\u00f3l, 10. A t\u00e1j\u00e9koztat\u00f3 rendszer \u00e9s a k\u00f6znevel\u00e9si int\u00e9zm\u00e9nyek k\u00f6zz\u00e9t\u00e9teli list\u00e1ja 23.\u00a7(1),(3) \u00e9s 24.\u00a7 figyelembev\u00e9tel\u00e9vel k\u00e9sz\u00fclt. A felv\u00e9teli lehet\u0151s\u00e9gekr\u0151l sz\u00f3l\u00f3 t\u00e1j\u00e9koztat\u00f3 Felv\u00e9teli lehet\u0151s\u00e9g A beiratkoz\u00e1sra meghat\u00e1rozott id\u0151 A 2026\/2027 tan\u00e9vre k\u00f6zpontilag meghat\u00e1rozott id\u0151pontban, 2026. \u00e1prilis 23-24\u00a0-\u00e9n iratkozhatnak be a leend\u0151 els\u0151 oszt\u00e1lyos tanul\u00f3k. &#8230;<\/p>\n","protected":false},"author":2,"featured_media":0,"parent":0,"menu_order":0,"comment_status":"closed","ping_status":"closed","template":"","meta":{"footnotes":""},"class_list":["post-25","page","type-page","status-publish","hentry"],"_links":{"self":[{"href":"https:\/\/fratersajolad.hu\/index.php?rest_route=\/wp\/v2\/pages\/25","targetHints":{"allow":["GET"]}}],"collection":[{"href":"https:\/\/fratersajolad.hu\/index.php?rest_route=\/wp\/v2\/pages"}],"about":[{"href":"https:\/\/fratersajolad.hu\/index.php?rest_route=\/wp\/v2\/types\/page"}],"author":[{"embeddable":true,"href":"https:\/\/fratersajolad.hu\/index.php?rest_route=\/wp\/v2\/users\/2"}],"replies":[{"embeddable":true,"href":"https:\/\/fratersajolad.hu\/index.php?rest_route=%2Fwp%2Fv2%2Fcomments&post=25"}],"version-history":[{"count":130,"href":"https:\/\/fratersajolad.hu\/index.php?rest_route=\/wp\/v2\/pages\/25\/revisions"}],"predecessor-version":[{"id":10471,"href":"https:\/\/fratersajolad.hu\/index.php?rest_route=\/wp\/v2\/pages\/25\/revisions\/10471"}],"wp:attachment":[{"href":"https:\/\/fratersajolad.hu\/index.php?rest_route=%2Fwp%2Fv2%2Fmedia&parent=25"}],"curies":[{"name":"wp","href":"https:\/\/api.w.org\/{rel}","templated":true}]}}