{"id":8443,"date":"2023-05-25T10:33:33","date_gmt":"2023-05-25T08:33:33","guid":{"rendered":"http:\/\/fratersajolad.hu\/?page_id=8443"},"modified":"2026-02-26T19:34:10","modified_gmt":"2026-02-26T18:34:10","slug":"oko-iskola","status":"publish","type":"page","link":"http:\/\/fratersajolad.hu\/?page_id=8443","title":{"rendered":"\u00d6koiskola"},"content":{"rendered":"\n<p style=\"font-size:25px\">2025-26<\/p>\n\n\n\n<div class=\"wp-block-columns is-layout-flex wp-container-core-columns-is-layout-9d6595d7 wp-block-columns-is-layout-flex\">\n<div class=\"wp-block-column is-vertically-aligned-top is-layout-flow wp-block-column-is-layout-flow\" style=\"flex-basis:20%\">\n<figure class=\"wp-block-image size-full is-resized is-style-default\"><a href=\"http:\/\/fratersajolad.hu\/wp-content\/uploads\/2023\/09\/TvMunkaterv-2023-24.pdf\" target=\"_blank\" rel=\"noreferrer noopener\"><img fetchpriority=\"high\" decoding=\"async\" width=\"480\" height=\"480\" src=\"http:\/\/fratersajolad.hu\/wp-content\/uploads\/2023\/06\/pdf.png\" alt=\"\" class=\"wp-image-8477\" style=\"width:100px;height:100px\" srcset=\"http:\/\/fratersajolad.hu\/wp-content\/uploads\/2023\/06\/pdf.png 480w, http:\/\/fratersajolad.hu\/wp-content\/uploads\/2023\/06\/pdf-300x300.png 300w, http:\/\/fratersajolad.hu\/wp-content\/uploads\/2023\/06\/pdf-150x150.png 150w, http:\/\/fratersajolad.hu\/wp-content\/uploads\/2023\/06\/pdf-70x70.png 70w\" sizes=\"(max-width: 480px) 100vw, 480px\" \/><\/a><\/figure>\n<\/div>\n\n\n\n<div class=\"wp-block-column is-vertically-aligned-center is-layout-flow wp-block-column-is-layout-flow\" style=\"flex-basis:80%\">\n<h2 class=\"wp-block-heading\" style=\"font-size:25px\"><a href=\"http:\/\/fratersajolad.hu\/wp-content\/uploads\/2026\/02\/Teremtesvedelmi-Oko-munkaterv-2025_-26.pdf\" target=\"_blank\" rel=\"noreferrer noopener\">\u00c9ves munkaterv \u00e9s esem\u00e9nynapt\u00e1r<\/a><\/h2>\n<\/div>\n<\/div>\n\n\n\n<p style=\"font-size:25px\">2024-25<\/p>\n\n\n\n<div class=\"wp-block-columns is-layout-flex wp-container-core-columns-is-layout-9d6595d7 wp-block-columns-is-layout-flex\">\n<div class=\"wp-block-column is-vertically-aligned-top is-layout-flow wp-block-column-is-layout-flow\" style=\"flex-basis:20%\">\n<figure class=\"wp-block-image size-full is-resized is-style-default\"><a href=\"http:\/\/fratersajolad.hu\/wp-content\/uploads\/2023\/09\/TvMunkaterv-2023-24.pdf\" target=\"_blank\" rel=\"noreferrer noopener\"><img fetchpriority=\"high\" decoding=\"async\" width=\"480\" height=\"480\" src=\"http:\/\/fratersajolad.hu\/wp-content\/uploads\/2023\/06\/pdf.png\" alt=\"\" class=\"wp-image-8477\" style=\"width:100px;height:100px\" srcset=\"http:\/\/fratersajolad.hu\/wp-content\/uploads\/2023\/06\/pdf.png 480w, http:\/\/fratersajolad.hu\/wp-content\/uploads\/2023\/06\/pdf-300x300.png 300w, http:\/\/fratersajolad.hu\/wp-content\/uploads\/2023\/06\/pdf-150x150.png 150w, http:\/\/fratersajolad.hu\/wp-content\/uploads\/2023\/06\/pdf-70x70.png 70w\" sizes=\"(max-width: 480px) 100vw, 480px\" \/><\/a><\/figure>\n<\/div>\n\n\n\n<div class=\"wp-block-column is-vertically-aligned-center is-layout-flow wp-block-column-is-layout-flow\" style=\"flex-basis:80%\">\n<h2 class=\"wp-block-heading\" style=\"font-size:25px\"><a rel=\"noreferrer noopener\" href=\"http:\/\/fratersajolad.hu\/wp-content\/uploads\/2023\/09\/TvMunkaterv-2023-24.pdf\" target=\"_blank\">\u00c9ves munkaterv \u00e9s esem\u00e9nynapt\u00e1r<\/a><\/h2>\n<\/div>\n<\/div>\n\n\n\n<div class=\"wp-block-columns is-layout-flex wp-container-core-columns-is-layout-9d6595d7 wp-block-columns-is-layout-flex\">\n<div class=\"wp-block-column is-vertically-aligned-top is-layout-flow wp-block-column-is-layout-flow\" style=\"flex-basis:20%\">\n<figure class=\"wp-block-image size-full is-resized is-style-default\"><a href=\"http:\/\/fratersajolad.hu\/wp-content\/uploads\/2025\/07\/TvMunkaterv-2024-25.pdf\" target=\"_blank\" rel=\"noreferrer noopener\"><img fetchpriority=\"high\" decoding=\"async\" width=\"480\" height=\"480\" src=\"http:\/\/fratersajolad.hu\/wp-content\/uploads\/2023\/06\/pdf.png\" alt=\"\" class=\"wp-image-8477\" style=\"width:100px;height:100px\" srcset=\"http:\/\/fratersajolad.hu\/wp-content\/uploads\/2023\/06\/pdf.png 480w, http:\/\/fratersajolad.hu\/wp-content\/uploads\/2023\/06\/pdf-300x300.png 300w, http:\/\/fratersajolad.hu\/wp-content\/uploads\/2023\/06\/pdf-150x150.png 150w, http:\/\/fratersajolad.hu\/wp-content\/uploads\/2023\/06\/pdf-70x70.png 70w\" sizes=\"(max-width: 480px) 100vw, 480px\" \/><\/a><\/figure>\n<\/div>\n\n\n\n<div class=\"wp-block-column is-vertically-aligned-center is-layout-flow wp-block-column-is-layout-flow\" style=\"flex-basis:80%\">\n<h2 class=\"wp-block-heading\" style=\"font-size:25px\"><a href=\"http:\/\/fratersajolad.hu\/wp-content\/uploads\/2025\/07\/TvMunkaterv-2024-25.pdf\" data-type=\"URL\" data-id=\"http:\/\/fratersajolad.hu\/wp-content\/uploads\/2023\/09\/TvMunkaterv-2023-24.pdf\" target=\"_blank\" rel=\"noreferrer noopener\">Teremt\u00e9sv\u00e9delmi besz\u00e1mol\u00f3 2024-25<\/a><\/h2>\n<\/div>\n<\/div>\n\n\n\n<p style=\"font-size:25px\">2023-24<\/p>\n\n\n\n<div class=\"wp-block-group\"><div class=\"wp-block-group__inner-container is-layout-constrained wp-block-group-is-layout-constrained\">\n<div class=\"wp-block-columns is-layout-flex wp-container-core-columns-is-layout-9d6595d7 wp-block-columns-is-layout-flex\">\n<div class=\"wp-block-column is-vertically-aligned-top is-layout-flow wp-block-column-is-layout-flow\" style=\"flex-basis:20%\">\n<figure class=\"wp-block-image size-full is-resized is-style-default\"><a href=\"http:\/\/fratersajolad.hu\/wp-content\/uploads\/2023\/09\/TvMunkaterv-2023-24.pdf\" target=\"_blank\" rel=\"noreferrer noopener\"><img fetchpriority=\"high\" decoding=\"async\" width=\"480\" height=\"480\" src=\"http:\/\/fratersajolad.hu\/wp-content\/uploads\/2023\/06\/pdf.png\" alt=\"\" class=\"wp-image-8477\" style=\"width:100px;height:100px\" srcset=\"http:\/\/fratersajolad.hu\/wp-content\/uploads\/2023\/06\/pdf.png 480w, http:\/\/fratersajolad.hu\/wp-content\/uploads\/2023\/06\/pdf-300x300.png 300w, http:\/\/fratersajolad.hu\/wp-content\/uploads\/2023\/06\/pdf-150x150.png 150w, http:\/\/fratersajolad.hu\/wp-content\/uploads\/2023\/06\/pdf-70x70.png 70w\" sizes=\"(max-width: 480px) 100vw, 480px\" \/><\/a><\/figure>\n<\/div>\n\n\n\n<div class=\"wp-block-column is-vertically-aligned-center is-layout-flow wp-block-column-is-layout-flow\" style=\"flex-basis:80%\">\n<h2 class=\"wp-block-heading\" style=\"font-size:25px\"><a href=\"http:\/\/fratersajolad.hu\/wp-content\/uploads\/2023\/09\/TvMunkaterv-2023-24.pdf\" target=\"_blank\" rel=\"noreferrer noopener\">\u00c9ves munkaterv \u00e9s esem\u00e9nynapt\u00e1r<\/a><\/h2>\n<\/div>\n<\/div>\n<\/div><\/div>\n\n\n\n<div class=\"wp-block-group\"><div class=\"wp-block-group__inner-container is-layout-constrained wp-block-group-is-layout-constrained\">\n<div class=\"wp-block-columns is-layout-flex wp-container-core-columns-is-layout-9d6595d7 wp-block-columns-is-layout-flex\">\n<div class=\"wp-block-column is-vertically-aligned-top is-layout-flow wp-block-column-is-layout-flow\" style=\"flex-basis:20%\">\n<figure class=\"wp-block-image size-full is-resized is-style-default\"><a href=\"http:\/\/fratersajolad.hu\/wp-content\/uploads\/teremtesvedelem\/Teremt\u00e9sv\u00e9delmi besz\u00e1mol\u00f3-2023_24.pdf\" target=\"_blank\" rel=\"noreferrer noopener\"><img fetchpriority=\"high\" decoding=\"async\" width=\"480\" height=\"480\" src=\"http:\/\/fratersajolad.hu\/wp-content\/uploads\/2023\/06\/pdf.png\" alt=\"\" class=\"wp-image-8477\" style=\"width:100px;height:100px\" srcset=\"http:\/\/fratersajolad.hu\/wp-content\/uploads\/2023\/06\/pdf.png 480w, http:\/\/fratersajolad.hu\/wp-content\/uploads\/2023\/06\/pdf-300x300.png 300w, http:\/\/fratersajolad.hu\/wp-content\/uploads\/2023\/06\/pdf-150x150.png 150w, http:\/\/fratersajolad.hu\/wp-content\/uploads\/2023\/06\/pdf-70x70.png 70w\" sizes=\"(max-width: 480px) 100vw, 480px\" \/><\/a><\/figure>\n<\/div>\n\n\n\n<div class=\"wp-block-column is-vertically-aligned-center is-layout-flow wp-block-column-is-layout-flow\" style=\"flex-basis:80%\">\n<h2 class=\"wp-block-heading\" style=\"font-size:25px\"><a href=\"http:\/\/fratersajolad.hu\/wp-content\/uploads\/teremtesvedelem\/Teremt\u00e9sv\u00e9delmi besz\u00e1mol\u00f3-2023_24.pdf\" target=\"_blank\" rel=\"noreferrer noopener\">Teremt\u00e9sv\u00e9delmi besz\u00e1mol\u00f3 2023-24<\/a><\/h2>\n<\/div>\n<\/div>\n<\/div><\/div>\n\n\n\n<p style=\"font-size:25px\">2022-23<\/p>\n\n\n\n<div class=\"wp-block-group\"><div class=\"wp-block-group__inner-container is-layout-constrained wp-block-group-is-layout-constrained\">\n<div class=\"wp-block-columns is-layout-flex wp-container-core-columns-is-layout-9d6595d7 wp-block-columns-is-layout-flex\">\n<div class=\"wp-block-column is-vertically-aligned-top is-layout-flow wp-block-column-is-layout-flow\" style=\"flex-basis:20%\">\n<figure class=\"wp-block-image size-full is-resized is-style-default\"><a href=\"http:\/\/fratersajolad.hu\/wp-content\/uploads\/2023\/05\/2022_23_esemanynaptar.pdf\" target=\"_blank\" rel=\"noreferrer noopener\"><img fetchpriority=\"high\" decoding=\"async\" width=\"480\" height=\"480\" src=\"http:\/\/fratersajolad.hu\/wp-content\/uploads\/2023\/06\/pdf.png\" alt=\"\" class=\"wp-image-8477\" style=\"width:100px;height:100px\" srcset=\"http:\/\/fratersajolad.hu\/wp-content\/uploads\/2023\/06\/pdf.png 480w, http:\/\/fratersajolad.hu\/wp-content\/uploads\/2023\/06\/pdf-300x300.png 300w, http:\/\/fratersajolad.hu\/wp-content\/uploads\/2023\/06\/pdf-150x150.png 150w, http:\/\/fratersajolad.hu\/wp-content\/uploads\/2023\/06\/pdf-70x70.png 70w\" sizes=\"(max-width: 480px) 100vw, 480px\" \/><\/a><\/figure>\n<\/div>\n\n\n\n<div class=\"wp-block-column is-vertically-aligned-center is-layout-flow wp-block-column-is-layout-flow\" style=\"flex-basis:80%\">\n<h2 class=\"wp-block-heading\" style=\"font-size:25px\"><a rel=\"noreferrer noopener\" href=\"http:\/\/fratersajolad.hu\/wp-content\/uploads\/2023\/05\/2022_23_esemanynaptar.pdf\" target=\"_blank\">\u00c9ves munkaterv \u00e9s esem\u00e9nynapt\u00e1r<\/a><\/h2>\n<\/div>\n<\/div>\n<\/div><\/div>\n\n\n\n<div class=\"wp-block-group\"><div class=\"wp-block-group__inner-container is-layout-constrained wp-block-group-is-layout-constrained\">\n<div class=\"wp-block-columns is-layout-flex wp-container-core-columns-is-layout-9d6595d7 wp-block-columns-is-layout-flex\">\n<div class=\"wp-block-column is-vertically-aligned-top is-layout-flow wp-block-column-is-layout-flow\" style=\"flex-basis:20%\">\n<figure class=\"wp-block-image size-full is-resized is-style-default\"><a href=\"http:\/\/fratersajolad.hu\/wp-content\/uploads\/2023\/06\/TERVED_BESZ_22-23.pdf\" target=\"_blank\" rel=\"noreferrer noopener\"><img decoding=\"async\" src=\"http:\/\/fratersajolad.hu\/wp-content\/uploads\/2023\/06\/pdf.png\" alt=\"\" class=\"wp-image-8477\" width=\"100\" height=\"100\" srcset=\"http:\/\/fratersajolad.hu\/wp-content\/uploads\/2023\/06\/pdf.png 480w, http:\/\/fratersajolad.hu\/wp-content\/uploads\/2023\/06\/pdf-300x300.png 300w, http:\/\/fratersajolad.hu\/wp-content\/uploads\/2023\/06\/pdf-150x150.png 150w, http:\/\/fratersajolad.hu\/wp-content\/uploads\/2023\/06\/pdf-70x70.png 70w\" sizes=\"(max-width: 100px) 100vw, 100px\" \/><\/a><\/figure>\n<\/div>\n\n\n\n<div class=\"wp-block-column is-vertically-aligned-center is-layout-flow wp-block-column-is-layout-flow\" style=\"flex-basis:80%\">\n<h2 class=\"wp-block-heading\" style=\"font-size:25px\"><a rel=\"noreferrer noopener\" href=\"http:\/\/fratersajolad.hu\/wp-content\/uploads\/2023\/06\/TERVED_BESZ_22-23.pdf\" target=\"_blank\">Teremt\u00e9sv\u00e9delmi besz\u00e1mol\u00f3 2022-23<\/a><\/h2>\n<\/div>\n<\/div>\n<\/div><\/div>\n\n\n\n<div class=\"wp-block-columns is-layout-flex wp-container-core-columns-is-layout-9d6595d7 wp-block-columns-is-layout-flex\">\n<div class=\"wp-block-column is-vertically-aligned-top is-layout-flow wp-block-column-is-layout-flow\" style=\"flex-basis:20%\">\n<figure class=\"wp-block-image size-full is-resized is-style-default\"><a href=\"http:\/\/fratersajolad.hu\/wp-content\/uploads\/2023\/08\/oklevel.pdf\" target=\"_blank\" rel=\"noreferrer noopener\"><img fetchpriority=\"high\" decoding=\"async\" width=\"480\" height=\"480\" src=\"http:\/\/fratersajolad.hu\/wp-content\/uploads\/2023\/06\/pdf.png\" alt=\"\" class=\"wp-image-8477\" style=\"width:100px;height:100px\" srcset=\"http:\/\/fratersajolad.hu\/wp-content\/uploads\/2023\/06\/pdf.png 480w, http:\/\/fratersajolad.hu\/wp-content\/uploads\/2023\/06\/pdf-300x300.png 300w, http:\/\/fratersajolad.hu\/wp-content\/uploads\/2023\/06\/pdf-150x150.png 150w, http:\/\/fratersajolad.hu\/wp-content\/uploads\/2023\/06\/pdf-70x70.png 70w\" sizes=\"(max-width: 480px) 100vw, 480px\" \/><\/a><\/figure>\n<\/div>\n\n\n\n<div class=\"wp-block-column is-vertically-aligned-center is-layout-flow wp-block-column-is-layout-flow\" style=\"flex-basis:80%\">\n<h2 class=\"wp-block-heading\" style=\"font-size:25px\"><a rel=\"noreferrer noopener\" href=\"http:\/\/fratersajolad.hu\/wp-content\/uploads\/2023\/08\/oklevel.pdf\" target=\"_blank\">Oklev\u00e9l &#8211; \u00c1llatv\u00e9delmi t\u00e9mah\u00e9t<\/a><\/h2>\n<\/div>\n<\/div>\n","protected":false},"excerpt":{"rendered":"<p>2025-26 \u00c9ves munkaterv \u00e9s esem\u00e9nynapt\u00e1r 2024-25 \u00c9ves munkaterv \u00e9s esem\u00e9nynapt\u00e1r Teremt\u00e9sv\u00e9delmi besz\u00e1mol\u00f3 2024-25 2023-24 \u00c9ves munkaterv \u00e9s esem\u00e9nynapt\u00e1r Teremt\u00e9sv\u00e9delmi besz\u00e1mol\u00f3 2023-24 2022-23 \u00c9ves munkaterv \u00e9s esem\u00e9nynapt\u00e1r Teremt\u00e9sv\u00e9delmi besz\u00e1mol\u00f3 2022-23 Oklev\u00e9l &#8211; \u00c1llatv\u00e9delmi t\u00e9mah\u00e9t<\/p>\n","protected":false},"author":2,"featured_media":0,"parent":0,"menu_order":0,"comment_status":"closed","ping_status":"closed","template":"","meta":{"footnotes":""},"class_list":["post-8443","page","type-page","status-publish","hentry"],"_links":{"self":[{"href":"http:\/\/fratersajolad.hu\/index.php?rest_route=\/wp\/v2\/pages\/8443","targetHints":{"allow":["GET"]}}],"collection":[{"href":"http:\/\/fratersajolad.hu\/index.php?rest_route=\/wp\/v2\/pages"}],"about":[{"href":"http:\/\/fratersajolad.hu\/index.php?rest_route=\/wp\/v2\/types\/page"}],"author":[{"embeddable":true,"href":"http:\/\/fratersajolad.hu\/index.php?rest_route=\/wp\/v2\/users\/2"}],"replies":[{"embeddable":true,"href":"http:\/\/fratersajolad.hu\/index.php?rest_route=%2Fwp%2Fv2%2Fcomments&post=8443"}],"version-history":[{"count":29,"href":"http:\/\/fratersajolad.hu\/index.php?rest_route=\/wp\/v2\/pages\/8443\/revisions"}],"predecessor-version":[{"id":10741,"href":"http:\/\/fratersajolad.hu\/index.php?rest_route=\/wp\/v2\/pages\/8443\/revisions\/10741"}],"wp:attachment":[{"href":"http:\/\/fratersajolad.hu\/index.php?rest_route=%2Fwp%2Fv2%2Fmedia&parent=8443"}],"curies":[{"name":"wp","href":"https:\/\/api.w.org\/{rel}","templated":true}]}}