{"id":7723,"date":"2022-05-26T09:10:11","date_gmt":"2022-05-26T07:10:11","guid":{"rendered":"http:\/\/fratersajolad.hu\/?page_id=7723"},"modified":"2025-01-13T21:28:14","modified_gmt":"2025-01-13T20:28:14","slug":"allasajanlat","status":"publish","type":"page","link":"http:\/\/fratersajolad.hu\/?page_id=7723","title":{"rendered":"\u00c1ll\u00e1saj\u00e1nlat"},"content":{"rendered":"<h2 style=\"text-align: center;\"><strong>A Fr\u00e1ter Gy\u00f6rgy Katolikus \u00c1ltal\u00e1nos Iskola \u00e9s Alapfok\u00fa M\u0171v\u00e9szeti Iskola<br \/>\n<\/strong><strong>p\u00e1ly\u00e1zatot hirdet <\/strong><\/h2>\n<p>&nbsp;<\/p>\n<p>az al\u00e1bbi munkak\u00f6r\u00f6k bet\u00f6lt\u00e9s\u00e9re:<\/p>\n<p style=\"padding-left: 60px;\"><strong>&#8211; vizu\u00e1lis kult\u00fara &#8211; b\u00e1rmely szakos <em>tan\u00e1r;<\/em><\/strong><\/p>\n<p><strong>I.) Alapvet\u0151 inform\u00e1ci\u00f3k <\/strong><\/p>\n<p>1. A jogviszony t\u00edpusa k\u00f6znevel\u00e9si foglalkoztatotti jogviszony.<\/p>\n<p>2. A munkav\u00e9gz\u00e9s helye: 3572 Saj\u00f3l\u00e1d, D\u00f3zsa Gy\u00f6rgy \u00fat 74.<\/p>\n<p>3. A foglalkoztat\u00e1s id\u0151tartama: <em>2025 \u00e9v j\u00fanius h\u00f3 30. napj\u00e1ig tart\u00f3 hat\u00e1rozott<\/em><\/p>\n<p>4. Jogviszony\u00e1ra a pedag\u00f3gusok \u00faj \u00e9letp\u00e1ly\u00e1j\u00e1r\u00f3l sz\u00f3l\u00f3 2023. LII. t\u00f6rv\u00e9ny \u00e9s a vonatkoz\u00f3 jogszab\u00e1lyok hat\u00e1lyos rendelkez\u00e9sei ir\u00e1nyad\u00f3ak.<\/p>\n<p>5. A munkak\u00f6r keret\u00e9ben ell\u00e1tand\u00f3 feladatok:<\/p>\n<p style=\"padding-left: 80px;\">A jogszab\u00e1lyban \u00e9s munk\u00e1ltat\u00f3i jogokat gyakorl\u00f3 igazgat\u00f3 utas\u00edt\u00e1saiban el\u0151\u00edrt feladatok ell\u00e1t\u00e1sa kinevez\u00e9s\u00e9nek \u00e9s munkak\u00f6ri le\u00edr\u00e1s\u00e1nak megfelel\u0151en a hat\u00e1lyos jogszab\u00e1lyok, a Munk\u00e1ltat\u00f3 alapdokumentumai (pl. alap\u00edt\u00f3 okirata, szervezeti \u00e9s m\u0171k\u00f6d\u00e9si szab\u00e1lyzata, szakmai programja, munkaterve) \u00e9s a Katolikus Egyh\u00e1z Egyh\u00e1zi T\u00f6rv\u00e9nyk\u00f6nyv\u00e9nek 796- 806. k\u00e1nonjai, valamint a Katolikus Pedag\u00f3giai Int\u00e9zet honlapj\u00e1n el\u00e9rhet\u0151 Etikai K\u00f3dexnek megfelel\u0151en, az Egri F\u0151egyh\u00e1zmegye Gyermek- \u00e9s Ifj\u00fas\u00e1gv\u00e9delmi Szab\u00e1ly\u00adzat\u00e1t is betartva.<\/p>\n<p><strong>II.) P\u00e1ly\u00e1zati felt\u00e9telek<\/strong><\/p>\n<p>1. A munkak\u00f6rre jogszab\u00e1lyban el\u0151\u00edrt szakk\u00e9pes\u00edt\u00e9s( ek) igazol\u00e1sa.<\/p>\n<p>2. 30 napn\u00e1l nem r\u00e9gebbi a P\u00fa\u00e9tv. 26. \u00e9s 27. \u00a7-ainak megfelel\u0151 tartalm\u00fa erk\u00f6lcsi bizony\u00edt\u00adv\u00e1ny. A P\u00fa\u00e9tv. 27. \u00a7-a szerint meghat\u00e1rozott b\u0171ncselekm\u00e9nyek eset\u00e9ben nem csup\u00e1n a joger\u0151s \u00edt\u00e9let, de m\u00e1r a b\u00fcntet\u0151elj\u00e1r\u00e1s megind\u00edt\u00e1sa is kiz\u00e1rja a gyermekekkel, fiatalokkal val\u00f3 foglalkoz\u00e1s lehet\u0151s\u00e9g\u00e9t, illetve ez a helyzet hosszabb ideig fenn\u00e1ll a b\u00fcntetett el\u0151\u00ad\u00e9lethez k\u00f6t\u0151d\u0151 h\u00e1tr\u00e1nyok al\u00f3li mentes\u00fcl\u00e9st k\u00f6vet\u0151en is. A hat\u00f3s\u00e1gi erk\u00f6lcsi bizony\u00edt\u00adv\u00e1ny ig\u00e9nyl\u00e9sekor lehet\u0151s\u00e9g van speci\u00e1lis tartalomr\u00f3l e t\u00f6rv\u00e9nyi rendelkez\u00e9snek meg\u00adfelel\u00e9sr\u0151l igazol\u00e1st k\u00e9rni.<\/p>\n<p>3. A P\u00fa\u00e9tv. 26. \u00a7 (1) bekezd\u00e9s\u00e9nek b) pontj\u00e1ban el\u0151\u00edrt cselekv\u0151k\u00e9pess\u00e9g\u00e9r\u0151l a p\u00e1ly\u00e1z\u00f3nak kell nyilatkoznia saj\u00e1t kez\u0171leg \u00edrt \u00e9s al\u00e1\u00edrt, d\u00e1tumozott nyilatkozat\u00e1ban.<\/p>\n<p>4. A jogszab\u00e1lyban el\u0151\u00edrt v\u00e9gzetts\u00e9geket, szakk\u00e9pes\u00edt\u00e9seket igazol\u00f3 okiratok m\u00e1solat\u00e1t a p\u00e1ly\u00e1z\u00f3nak csatolnia kell p\u00e1ly\u00e1zat\u00e1hoz.<\/p>\n<p>5. A p\u00e1ly\u00e1z\u00f3 szakmai \u00f6n\u00e9letrajza, amely \u00e9rinti katolikus k\u00f6t\u0151d\u00e9seit.<\/p>\n<p>6. Katolikus pl\u00e9b\u00e1nos aj\u00e1nl\u00e1sa.<\/p>\n<p><strong>III.) Technikai inform\u00e1ci\u00f3k<\/strong><\/p>\n<p>1. A munkak\u00f6r bet\u00f6lt\u00e9s\u00e9nek kezd\u0151 id\u0151pontja: <strong>2025. \u00e9v janu\u00e1r h\u00f3 20. nap<\/strong>.<\/p>\n<p>2. A p\u00e1ly\u00e1zat beny\u00fajt\u00e1s\u00e1nak hat\u00e1rideje: <strong>folyamatos<\/strong>.<\/p>\n<p>3. A p\u00e1ly\u00e1zatokat postai \u00faton vagy szem\u00e9lyesen az int\u00e9zm\u00e9ny 3572 Saj\u00f3l\u00e1d, D\u00f3zsa Gy\u00f6rgy \u00fat 74. sz\u00e1m alatti c\u00edm\u00e9re \u00e9s elektronikusan a <a href=\"mailto:frater.sajolad@gmail.com\"><strong>frater.sajolad@gmail.com<\/strong><\/a> c\u00edmre kell beny\u00fajtani.<\/p>\n<p>4. A p\u00e1ly\u00e1zat m\u00e1solat\u00e1t az int\u00e9zm\u00e9nyt fenntart\u00f3 Egri F\u0151egyh\u00e1zmegye Oktat\u00e1si Oszt\u00e1ly\u00e1\u00adnak <strong><a href=\"mailto:egerekif@gmail.com\">egerekif@gmail.com<\/a><\/strong> c\u00edm\u00e9re is el kell k\u00fcldeni.<\/p>\n<p>5. A p\u00e1ly\u00e1zati ki\u00edr\u00e1ssal kapcsolatosan tov\u00e1bbi inform\u00e1ci\u00f3t Szab\u00f3 Zs\u00f3fia igazgat\u00f3 vagy V\u00e1gnern\u00e9 Ambrus Marianna gazdas\u00e1gi vezet\u0151 ny\u00fajt, a 06\/30 407 2957 \u00e9s a 06\/30 478 5856 telefonsz\u00e1mokon \u00e9s a <a href=\"mailto:frater.sajolad@gmail.com\"><strong>frater.sajolad@gmail.com<\/strong><\/a> e-mail c\u00edmen.<\/p>\n","protected":false},"excerpt":{"rendered":"<p>A Fr\u00e1ter Gy\u00f6rgy Katolikus \u00c1ltal\u00e1nos Iskola \u00e9s Alapfok\u00fa M\u0171v\u00e9szeti Iskola p\u00e1ly\u00e1zatot hirdet &nbsp; az al\u00e1bbi munkak\u00f6r\u00f6k bet\u00f6lt\u00e9s\u00e9re: &#8211; vizu\u00e1lis kult\u00fara &#8211; b\u00e1rmely szakos tan\u00e1r; I.) Alapvet\u0151 inform\u00e1ci\u00f3k 1. A jogviszony t\u00edpusa k\u00f6znevel\u00e9si foglalkoztatotti jogviszony. 2. A munkav\u00e9gz\u00e9s helye: 3572 Saj\u00f3l\u00e1d, D\u00f3zsa Gy\u00f6rgy \u00fat 74. 3. A foglalkoztat\u00e1s id\u0151tartama: 2025 \u00e9v j\u00fanius h\u00f3 30. napj\u00e1ig tart\u00f3 &#8230;<\/p>\n","protected":false},"author":2,"featured_media":0,"parent":0,"menu_order":0,"comment_status":"closed","ping_status":"closed","template":"","meta":{"footnotes":""},"class_list":["post-7723","page","type-page","status-publish","hentry"],"_links":{"self":[{"href":"http:\/\/fratersajolad.hu\/index.php?rest_route=\/wp\/v2\/pages\/7723","targetHints":{"allow":["GET"]}}],"collection":[{"href":"http:\/\/fratersajolad.hu\/index.php?rest_route=\/wp\/v2\/pages"}],"about":[{"href":"http:\/\/fratersajolad.hu\/index.php?rest_route=\/wp\/v2\/types\/page"}],"author":[{"embeddable":true,"href":"http:\/\/fratersajolad.hu\/index.php?rest_route=\/wp\/v2\/users\/2"}],"replies":[{"embeddable":true,"href":"http:\/\/fratersajolad.hu\/index.php?rest_route=%2Fwp%2Fv2%2Fcomments&post=7723"}],"version-history":[{"count":12,"href":"http:\/\/fratersajolad.hu\/index.php?rest_route=\/wp\/v2\/pages\/7723\/revisions"}],"predecessor-version":[{"id":9803,"href":"http:\/\/fratersajolad.hu\/index.php?rest_route=\/wp\/v2\/pages\/7723\/revisions\/9803"}],"wp:attachment":[{"href":"http:\/\/fratersajolad.hu\/index.php?rest_route=%2Fwp%2Fv2%2Fmedia&parent=7723"}],"curies":[{"name":"wp","href":"https:\/\/api.w.org\/{rel}","templated":true}]}}