{"id":71,"date":"2015-07-14T22:03:48","date_gmt":"2015-07-14T22:03:48","guid":{"rendered":"http:\/\/fraterteszthu.web-server.hu\/?page_id=71"},"modified":"2025-10-03T09:10:01","modified_gmt":"2025-10-03T07:10:01","slug":"rolunk-2","status":"publish","type":"page","link":"http:\/\/fratersajolad.hu\/?page_id=71","title":{"rendered":"Bemutatkoz\u00e1s"},"content":{"rendered":"<h3 style=\"text-align: center;\"><span style=\"font-family: Impact, Charcoal, sans-serif;\">Szeretettel k\u00f6sz\u00f6ntj\u00fck a saj\u00f3l\u00e1di\u00a0Fr\u00e1ter Gy\u00f6rgy Katolikus \u00c1ltal\u00e1nos Iskola\u00a0\u00e9s Alapfok\u00fa M\u0171v\u00e9szetoktat\u00e1si Iskola honlapj\u00e1n!<\/span><\/h3>\n<p>&nbsp;<\/p>\n<h3 style=\"text-align: center;\"><\/h3>\n<p style=\"text-align: justify;\"><span style=\"color: #d1d1d1; font-size: 12pt; font-family: Tahoma, Geneva, sans-serif;\" data-darkreader-inline-color=\"\">R\u00e9g\u00f3ta d\u00e9delgetett \u00e1lmunk, hogy minden, iskol\u00e1nkr\u00f3l \u00e9rdekl\u0151d\u0151 ember, sz\u00fcl\u0151, di\u00e1k, volt vagy leend\u0151 tan\u00edtv\u00e1nyunk, az interneten kereszt\u00fcl is bepillant\u00e1st nyerhessen \u00e9let\u00fcnkbe, legyen az a m\u00falt, a jelen vagy a j\u00f6v\u0151, k\u00e9pet kapjon h\u00e9tk\u00f6znapjainkr\u00f3l, rendezv\u00e9nyeinkr\u0151l, sikereinkr\u0151l. <\/span><\/p>\n<p style=\"text-align: justify;\"><span style=\"color: #d1d1d1; font-size: 12pt; font-family: Tahoma, Geneva, sans-serif;\" data-darkreader-inline-color=\"\">Els\u0151dleges feladatunknak azt tekintj\u00fck, hogy minden olyan inform\u00e1ci\u00f3t, amely valamely form\u00e1ban k\u00f6thet\u0151 int\u00e9zm\u00e9ny\u00fcnkh\u00f6z, el\u00e9rhet\u0151v\u00e9 tegy\u00fcnk az \u00d6n sz\u00e1m\u00e1ra.<\/span><\/p>\n<p style=\"text-align: justify;\"><span style=\"color: #c9c9c9; font-family: Tahoma, Geneva, sans-serif; font-size: 12pt;\" data-darkreader-inline-color=\"\">Honlapunk ugyan\u00edgy alkalmas a visszatekint\u00e9sre, a m\u00falt halv\u00e1nyul\u00f3 eml\u00e9kk\u00e9peinek felid\u00e9z\u00e9s\u00e9re, ahogy a jelen fontosabb ir\u00e1nyvonalainak meg\u00e9rt\u00e9s\u00e9re vagy a kit\u0171z\u00f6tt c\u00e9lok megismer\u00e9s\u00e9re.<\/span><\/p>\n<p style=\"text-align: justify;\"><span style=\"color: #c9c9c9; font-family: Tahoma, Geneva, sans-serif; font-size: 12pt;\" data-darkreader-inline-color=\"\">Szeretn\u00e9nk, ha a j\u00f6v\u0151ben mindez kieg\u00e9sz\u00fclne azzal a b\u00e1rki sz\u00e1m\u00e1ra adott lehet\u0151s\u00e9ggel, hogy munk\u00e1nkr\u00f3l v\u00e9lem\u00e9nyt mondhasson, s \u00edgy \u00e9p\u00edt\u0151 javaslataival sz\u00ednesebb\u00e9, vonz\u00f3bb\u00e1 tehess\u00fck a mindannyiunk sz\u00edv\u00e9hez oly k\u00f6zel \u00e1ll\u00f3 ALMA MATER \u00e9let\u00e9t.<\/span><\/p>\n<h3><span style=\"font-size: 18pt; font-family: Schoolbell;\">Azok\u00e9rt \u00e9l\u00fcnk, akiket szeret\u00fcnk, azok\u00e9rt, akik igaznak tartanak. <\/span><\/h3>\n<h3><span style=\"font-family: Schoolbell; font-size: 18pt;\">A j\u00f6v\u0151nek \u00e9l\u00fcnk: a sz\u00e9p\u00e9rt s j\u00f3\u00e9rt, amit tehet\u00fcnk.&#8221;<\/span><\/h3>\n<p><span style=\"font-size: 12pt;\">\/gr. Sz\u00e9chenyi Istv\u00e1n\/<\/span><\/p>\n<p><span style=\"font-size: 18pt; font-family: 'Palatino Linotype', 'Book Antiqua', Palatino, serif; color: #10c6c9;\" data-darkreader-inline-color=\"\"><strong>Iskol\u00e1nk fenntart\u00f3ja<\/strong><\/span><\/p>\n<p><span style=\"color: #ffffff; font-size: 12pt;\" data-darkreader-inline-color=\"\">Egri F\u0151egyh\u00e1zmegye<\/span><br \/>\n<span style=\"color: #ffffff; font-size: 12pt;\" data-darkreader-inline-color=\"\"> exc. Dr. Terny\u00e1k Csaba \u00e9rsek<\/span><br \/>\n<span style=\"color: #ffffff; font-size: 12pt;\" data-darkreader-inline-color=\"\"> C\u00edm: 3300 Eger, Sz\u00e9chenyi u. 1.<\/span><br \/>\n<span style=\"color: #ffffff; font-size: 12pt;\" data-darkreader-inline-color=\"\"> Postai c\u00edm: 3301 Eger, Pf. 80.<\/span><br \/>\n<span style=\"font-size: 12pt;\"> <a href=\"http:\/\/www.eger.egyhazmegye.hu\">http:\/\/www.eger.egyhazmegye.hu<\/a><\/span><\/p>\n<p><span style=\"color: #ffffff; font-size: 12pt;\" data-darkreader-inline-color=\"\">Egyh\u00e1zmegyei Katolikus Iskolai F\u0151hat\u00f3s\u00e1g (EKIF)<\/span><br \/>\n<span style=\"color: #ffffff; font-size: 12pt;\" data-darkreader-inline-color=\"\"> C\u00edm: 3300 Eger, De\u00e1k F. u. 49.<\/span><br \/>\n<span style=\"color: #ffffff; font-size: 12pt;\" data-darkreader-inline-color=\"\"> Postac\u00edm: 3301 Eger, Pf.: 80.<\/span><br \/>\n<span style=\"color: #ffffff; font-size: 12pt;\" data-darkreader-inline-color=\"\"> Tel:\u00a0 30\/776-03-72<\/span><br \/>\n<span style=\"color: #ffffff; font-size: 12pt;\" data-darkreader-inline-color=\"\"> Fax: 36\/784-113<\/span><br \/>\n<span style=\"color: #ffffff; font-size: 12pt;\" data-darkreader-inline-color=\"\"> Eln\u00f6k:\u00a0 L\u00f3czi Tam\u00e1s, mobil: 30\/435-82-99,<\/span><br \/>\n<span style=\"color: #ffffff; font-size: 12pt;\" data-darkreader-inline-color=\"\"> e-mail: ekif3@eger.egyhazmegye.hu<\/span><\/p>\n<div id=\"gdpr\">\n<p style=\"text-align: left;\"><strong>Egyh\u00e1zmegyei adatv\u00e9delmi tisztvisel\u0151:<\/strong><\/p>\n<p style=\"text-align: left;\"><strong>Dr. K\u00f3s Gerg\u0151<br \/>\n<\/strong>El\u00e9rhet\u0151s\u00e9ge: <a href=\"mailto:kos.gergo@eger.egyhazmegye.hu\">kos.gergo@eger.egyhazmegye.hu<\/a>,\u00a0<a href=\"mailto:dr.kosgergo@gmail.com\">dr.kosgergo@gmail.com<\/a><\/p>\n<\/div>\n<p style=\"text-align: center;\"><strong>Szab\u00f3 Zs\u00f3fia<\/strong><br \/>\nF\u0151igazgat\u00f3, tan\u00edt\u00f3,<br \/>\nk\u00f6zoktat\u00e1s vezet\u0151,<br \/>\nemberi er\u0151forr\u00e1s tan\u00e1csad\u00f3<\/p>\n<p style=\"text-align: center;\"><strong>Ft. Varga B\u00e9la<\/strong><br \/>\nIskolalelk\u00e9sz<\/p>\n<p style=\"text-align: center;\"><strong>Luk\u00e1csn\u00e9 Varga T\u00fcnde<\/strong><br \/>\nF\u0151igazgat\u00f3helyettes<\/p>\n<p style=\"text-align: center;\"><strong>Szab\u00f3 P\u00e9ter<br \/>\n<\/strong>Tagint\u00e9zm\u00e9ny vezet\u0151<\/p>\n<p style=\"text-align: center;\"><strong>Mikl\u00f3si Istv\u00e1n<\/strong><br \/>\nF\u0151igazgat\u00f3helyettes<\/p>\n<p style=\"text-align: center;\"><strong>V\u00e1gnern\u00e9 Ambrus Marianna<\/strong><br \/>\nGazdas\u00e1gvezet\u0151<\/p>\n<p style=\"text-align: center;\"><strong>Leh\u00f3czki G\u00e1bor<\/strong><br \/>\nIskolatitk\u00e1r<\/p>\n<p style=\"text-align: center;\"><strong>T\u00f3zsa-Tomcsik J\u00falia<\/strong><br \/>\nIskolak\u00f6nyvt\u00e1ros<\/p>\n<p style=\"text-align: center;\"><strong>Nagy G\u00e1bor<\/strong><br \/>\nRendszergazda<\/p>\n<p style=\"text-align: center;\"><strong>Bart\u00f3k S\u00e1ndorn\u00e9<\/strong><br \/>\nGazdas\u00e1gi \u00fcgyint\u00e9z\u0151<\/p>\n<p>TANTEST\u00dcLET<\/p>\n<table width=\"762\">\n<tbody>\n<tr>\n<td width=\"146\">\u00c1bel \u00c9va<\/td>\n<td width=\"176\">tan\u00edt\u00f3 Szent Istv\u00e1n Tagiskola Saj\u00f3petri<\/td>\n<td width=\"80\"><\/td>\n<\/tr>\n<tr>\n<td width=\"146\">Antal L\u00e1szl\u00f3n\u00e9<\/td>\n<td width=\"176\">tan\u00edt\u00f3<\/td>\n<td width=\"80\">4. b. oszt\u00e1lyf\u0151n\u00f6k<\/td>\n<\/tr>\n<tr>\n<td width=\"146\">Besenyei R\u00f3bert Tam\u00e1sn\u00e9<\/td>\n<td width=\"176\">f\u00f6ldrajz, biol\u00f3gia, term\u00e9szettudom\u00e1ny<\/td>\n<td width=\"80\">6. b. oszt\u00e1lyf\u0151n\u00f6k<\/td>\n<\/tr>\n<tr>\n<td width=\"146\">Boldizs\u00e1rn\u00e9 Dallos Szilvia Ilona<\/td>\n<td width=\"176\">matematika, \u00e9nek<\/td>\n<td width=\"80\"><\/td>\n<\/tr>\n<tr>\n<td width=\"146\">Csornin\u00e9 Viszlai M\u00f3nika<\/td>\n<td width=\"176\">testnevel\u00e9s<\/td>\n<td width=\"80\"><\/td>\n<\/tr>\n<tr>\n<td width=\"146\">Dobosn\u00e9 Spirny\u00e1k Erzs\u00e9bet<\/td>\n<td width=\"176\">tan\u00edt\u00f3<\/td>\n<td width=\"80\">4. a oszt\u00e1lyf\u0151n\u00f6k<\/td>\n<\/tr>\n<tr>\n<td width=\"146\">Doszpoly G\u00e1bor<\/td>\n<td width=\"176\">testnevel\u00e9s<\/td>\n<td width=\"80\"><\/td>\n<\/tr>\n<tr>\n<td width=\"146\">Dredor Roland<\/td>\n<td width=\"176\">AMI f\u00fav\u00f3s tan\u00e1r<\/td>\n<td width=\"80\"><\/td>\n<\/tr>\n<tr>\n<td width=\"146\">Dud\u00e1sn\u00e9 B\u00f3csi Nikoletta<\/td>\n<td width=\"176\">tan\u00edt\u00f3<\/td>\n<td width=\"80\">1. a. oszt\u00e1lyf\u0151n\u00f6k<\/td>\n<\/tr>\n<tr>\n<td width=\"146\">Farkas Attila<\/td>\n<td width=\"176\">AMI n\u00e9pt\u00e1nc tan\u00e1r<\/td>\n<td width=\"80\"><\/td>\n<\/tr>\n<tr>\n<td width=\"146\">Fazekas Anna M\u00e1ria<\/td>\n<td width=\"176\">angol<\/td>\n<td width=\"80\">7. b. oszt\u00e1lyf\u0151n\u00f6k<\/td>\n<\/tr>\n<tr>\n<td width=\"146\">Ficsor M\u00e1rtonn\u00e9<\/td>\n<td width=\"176\">hittan<\/td>\n<td width=\"80\"><\/td>\n<\/tr>\n<tr>\n<td width=\"146\">F\u00fczesi Szabina<\/td>\n<td width=\"176\">\u00e9nek, AMI szolf\u00e9zs tan\u00e1r<\/td>\n<td width=\"80\"><\/td>\n<\/tr>\n<tr>\n<td width=\"146\">Garami Zs\u00f3ka<\/td>\n<td width=\"176\">tan\u00edt\u00f3<\/td>\n<td width=\"80\">2. b. oszt\u00e1lyf\u0151n\u00f6k<\/td>\n<\/tr>\n<tr>\n<td width=\"146\">Juh\u00e1sz Vir\u00e1g<\/td>\n<td width=\"176\">tan\u00edt\u00f3<\/td>\n<td width=\"80\">2. a. oszt\u00e1lyf\u0151n\u00f6k<\/td>\n<\/tr>\n<tr>\n<td width=\"146\">Kn\u00f3th Judit Vikt\u00f3ria<\/td>\n<td width=\"176\">AMI zongora tan\u00e1r<\/td>\n<td width=\"80\"><\/td>\n<\/tr>\n<tr>\n<td width=\"146\">Kos\u00e1rk\u00f3 Istv\u00e1nn\u00e9<\/td>\n<td width=\"176\">tan\u00edt\u00f3, Szent Istv\u00e1n Tagiskola Saj\u00f3petri<\/td>\n<td width=\"80\"><\/td>\n<\/tr>\n<tr>\n<td width=\"146\">Kov\u00e1cs Judit<\/td>\n<td width=\"176\">hittan<\/td>\n<td width=\"80\"><\/td>\n<\/tr>\n<tr>\n<td width=\"146\">Kov\u00e1csn\u00e9 G\u00e1l \u00c9va<\/td>\n<td width=\"176\">tan\u00edt\u00f3, Szent Istv\u00e1n Tagiskola Saj\u00f3petri<\/td>\n<td width=\"80\"><\/td>\n<\/tr>\n<tr>\n<td width=\"146\">Kert\u00e9sz Zsolt<\/td>\n<td width=\"176\">rajz, AMI k\u00e9pz\u0151m\u0171v\u00e9szet tan\u00e1r<\/td>\n<td width=\"80\"><\/td>\n<\/tr>\n<tr>\n<td width=\"146\">Kurucz J\u00e1nos<\/td>\n<td width=\"176\">AMI git\u00e1r tan\u00e1r<\/td>\n<td width=\"80\"><\/td>\n<\/tr>\n<tr>\n<td width=\"146\">L\u00e1din\u00e9 Tornai Anett<\/td>\n<td width=\"176\">tan\u00edt\u00f3<\/td>\n<td width=\"80\"><\/td>\n<\/tr>\n<tr>\n<td width=\"146\">Luk\u00e1csn\u00e9 Varga T\u00fcnde<\/td>\n<td width=\"176\">tan\u00edt\u00f3, matematika<\/td>\n<td width=\"80\"><\/td>\n<\/tr>\n<tr>\n<td width=\"146\">Marekn\u00e9 Koll\u00e1r Enik\u0151<\/td>\n<td width=\"176\">angol<\/td>\n<td width=\"80\">8. b. oszt\u00e1lyf\u0151n\u00f6k<\/td>\n<\/tr>\n<tr>\n<td width=\"146\">Mezei Marianna<\/td>\n<td width=\"176\">magyar nyelv \u00e9s irodalom<\/td>\n<td width=\"80\">6. a. oszt\u00e1lyf\u0151n\u00f6k<\/td>\n<\/tr>\n<tr>\n<td width=\"146\">M\u00e9sz\u00e1ros Csilla Rita<\/td>\n<td width=\"176\">tan\u00edt\u00f3<\/td>\n<td width=\"80\">1. b. oszt\u00e1lyf\u0151n\u00f6k<\/td>\n<\/tr>\n<tr>\n<td width=\"146\">Mikl\u00f3si Istv\u00e1n<\/td>\n<td width=\"176\">technika \u00e9s tervez\u00e9s<\/td>\n<td width=\"80\"><\/td>\n<\/tr>\n<tr>\n<td width=\"146\">Pincz\u00e9s Be\u00e1ta Erzs\u00e9bet<\/td>\n<td width=\"176\">magyar nyelv \u00e9s irodalom<\/td>\n<td width=\"80\"><\/td>\n<\/tr>\n<tr>\n<td width=\"146\">Spitzm\u00fcller-T\u00f3th Hilda<\/td>\n<td width=\"176\">tan\u00edt\u00f3, gy\u00f3gypedag\u00f3gus<\/td>\n<td width=\"80\"><\/td>\n<\/tr>\n<tr>\n<td width=\"146\">Szab\u00f3 P\u00e9ter<\/td>\n<td width=\"176\">Tagint\u00e9zm\u00e9ny-vezet\u0151, Saj\u00f3petri<\/td>\n<td width=\"80\"><\/td>\n<\/tr>\n<tr>\n<td width=\"146\">Szab\u00f3 Zs\u00f3fia<\/td>\n<td width=\"176\">Int\u00e9zm\u00e9nyvezet\u0151<\/td>\n<td width=\"80\"><\/td>\n<\/tr>\n<tr>\n<td width=\"146\">Szabonn\u00e9 So\u00f3s Emese<\/td>\n<td width=\"176\">k\u00e9mia, term\u00e9szettudom\u00e1ny<\/td>\n<td width=\"80\">7. a. oszt\u00e1lyf\u0151n\u00f6k<\/td>\n<\/tr>\n<tr>\n<td width=\"146\">Sz\u00e9n\u00e1sin\u00e9 Kov\u00e1cs Andrea<\/td>\n<td width=\"176\">angol tan\u00e1r<\/td>\n<td width=\"80\">5. a . oszt\u00e1lyf\u0151n\u00f6k<\/td>\n<\/tr>\n<tr>\n<td width=\"146\">Szendrein\u00e9 Millner M\u00f3nika<\/td>\n<td width=\"176\">t\u00f6rt\u00e9nelem, hon- \u00e9s n\u00e9pismeret<\/td>\n<td width=\"80\">5. b. oszt\u00e1lyf\u0151n\u00f6k<\/td>\n<\/tr>\n<tr>\n<td width=\"146\">Szab\u00f3 Judit<\/td>\n<td width=\"176\">tan\u00edt\u00f3<\/td>\n<td width=\"80\">3. b. oszt\u00e1lyf\u0151n\u00f6k<\/td>\n<\/tr>\n<tr>\n<td width=\"146\">T\u00f3zsa-Tomcsik J\u00falia<\/td>\n<td width=\"176\">informatika, digit\u00e1lis kult\u00fara<\/td>\n<td width=\"80\"><\/td>\n<\/tr>\n<tr>\n<td width=\"146\">Tomp\u00e1n\u00e9 Rajna T\u00fcnde<\/td>\n<td width=\"176\">tan\u00edt\u00f3<\/td>\n<td width=\"80\">3. a. oszt\u00e1lyf\u0151n\u00f6k<\/td>\n<\/tr>\n<tr>\n<td width=\"146\">T\u00f6r\u00f6k P\u00e9ter<\/td>\n<td width=\"176\">matematika, fizika<\/td>\n<td width=\"80\">8. a oszt\u00e1lyf\u0151n\u00f6k<\/td>\n<\/tr>\n<\/tbody>\n<\/table>\n<p>&nbsp;<\/p>\n<p><span style=\"color: #00ffff; font-size: 18pt;\" data-darkreader-inline-color=\"\"><br \/>\nAz alap\u00edtv\u00e1ny adatai<\/span><\/p>\n<p><span style=\"color: #00ffff;\" data-darkreader-inline-color=\"\">Elnevez\u00e9s:<\/span><\/p>\n<p><span style=\"color: #00ffff;\" data-darkreader-inline-color=\"\">SAJ\u00d3L\u00c1DI FR\u00c1TER GY\u00d6RGY \u00c1LTAL\u00c1NOS ISKOLA OKTAT\u00c1SI-NEVEL\u00c9SI ALAP\u00cdTV\u00c1NY<\/span><\/p>\n<p><span style=\"color: #00ffff;\" data-darkreader-inline-color=\"\">Sz\u00e9khely:<\/span><\/p>\n<p><span style=\"color: #00ffff;\" data-darkreader-inline-color=\"\">FR\u00c1TER GY\u00d6RGY KATOLIKUS \u00c1LTAL\u00c1NOS ISKOLA \u00c9S ALAPFOK\u00da M\u00dbV\u00c9SZETI ISKOLA<\/span><\/p>\n<p><span style=\"color: #00ffff;\" data-darkreader-inline-color=\"\">3572 SAJ\u00d3L\u00c1D, D\u00d3ZSA GY\u00d6RGY \u00daT 74.<\/span><\/p>\n<p><span style=\"color: #00ffff;\" data-darkreader-inline-color=\"\">Ad\u00f3sz\u00e1m: \u00a018422883-1-05<\/span><\/p>\n<p><span style=\"color: #00ffff;\" data-darkreader-inline-color=\"\">K\u00f6zhaszn\u00fas\u00e1gi fokozat: \u00a0K\u00f6zhaszn\u00fa szervezet<\/span><\/p>\n<p><span style=\"color: #00ffff;\" data-darkreader-inline-color=\"\">Banksz\u00e1mla sz\u00e1ma:<\/span><\/p>\n<p><span style=\"font-size: 18pt; color: #00ffff;\" data-darkreader-inline-color=\"\"><strong>Az alap\u00edtv\u00e1ny c\u00e9ljai:<\/strong><\/span><\/p>\n<ul>\n<li><span style=\"font-size: 12pt; color: #00ffff;\" data-darkreader-inline-color=\"\">NEVEL\u00c9S, \u00c9S OKTAT\u00c1S, K\u00c9SZS\u00c9GFEJLESZT\u00c9S, ISMERETTERJESZT\u00c9S, A SAJ\u00d3L\u00c1DI FR\u00c1TER GY\u00d6RGY KATOLIKUS \u00c1LTAL\u00c1NOS ISKOLA TANUL\u00d3INAK SOKOLDAL\u00da SEG\u00cdT\u00c9SE.<\/span><\/li>\n<li><span style=\"font-size: 12pt; color: #00ffff;\" data-darkreader-inline-color=\"\">KIEMELKED\u0150 TELJES\u00cdTM\u00c9NYT NY\u00daJT\u00d3 TANUL\u00d3K JUTALMAZ\u00c1SA A TAN\u00c9V V\u00c9G\u00c9N<\/span><\/li>\n<li><span style=\"font-size: 12pt; color: #00ffff;\" data-darkreader-inline-color=\"\">A FR\u00c1TER GY\u00d6RGY SZAVAL\u00d3VERSENY GY\u0150ZTESEINEK JUTALMAZ\u00c1SA<\/span><\/li>\n<li><span style=\"font-size: 12pt; color: #00ffff;\" data-darkreader-inline-color=\"\">A FR\u00c1TER GY\u00d6RGY NAPOK ALKALM\u00c1VAL RENDEZETT DI\u00c1KP\u00c1LY\u00c1ZATOK, J\u00c1T\u00c9KOS VET\u00c9LKED\u0150K, VERS\u00cdR\u00d3 VERSENY, SPORTVERSENYEK JUTALMAZ\u00c1SA<\/span><\/li>\n<li><span style=\"font-size: 12pt; color: #00ffff;\" data-darkreader-inline-color=\"\">MEGYEI, \u00c9S V\u00c1ROSI TANULM\u00c1NYI VERSENYEKEN R\u00c9SZTVEV\u0150 TANUL\u00d3K JUTALMAZ\u00c1SA<\/span><\/li>\n<li><span style=\"font-size: 12pt; color: #00ffff;\" data-darkreader-inline-color=\"\">TANULM\u00c1NYUTAK, SZAKMAI KUTAT\u00c1SOK T\u00c1MOGAT\u00c1SA<\/span><\/li>\n<li><span style=\"font-size: 12pt; color: #00ffff;\" data-darkreader-inline-color=\"\">A NEVEL\u0150MUNKA FELT\u00c9TELEINEK JAV\u00cdT\u00c1SA, KORSZER\u0170S\u00cdT\u00c9SE<\/span><\/li>\n<li><span style=\"font-size: 12pt; color: #00ffff;\" data-darkreader-inline-color=\"\">AZ IDEGEN NYELV OKTAT\u00c1SI FELT\u00c9TELEINEK JAV\u00cdT\u00c1SA<\/span><\/li>\n<li><span style=\"font-size: 12pt; color: #00ffff;\" data-darkreader-inline-color=\"\">H\u00c1TR\u00c1NYOS HELYZET\u0170, KIEMELKED\u0150 SZORGALM\u00da VAGY TEHETS\u00c9G\u0170 TANUL\u00d3K T\u00c1MOGAT\u00c1SA<\/span><\/li>\n<li><span style=\"font-size: 12pt; color: #00ffff;\" data-darkreader-inline-color=\"\">TANULM\u00c1NYI, M\u0170V\u00c9SZETI \u00c9S SPORTVERSENYEKEN VAL\u00d3 R\u00c9SZV\u00c9TEL T\u00c1MOGAT\u00c1SA<\/span><\/li>\n<li><span style=\"font-size: 12pt; color: #00ffff;\" data-darkreader-inline-color=\"\">A M\u0170V\u00c9SZETOKTAT\u00c1S T\u00c9R\u00cdT\u00c9SI- \u00c9S\/VAGY TAND\u00cdJ\u00c1NAK T\u00c1MOGAT\u00c1SA<\/span><\/li>\n<\/ul>\n<p><span style=\"font-size: 18pt; color: #00ffff;\" data-darkreader-inline-color=\"\">Kurat\u00f3rium<\/span><\/p>\n<p><span style=\"color: #00ffff;\" data-darkreader-inline-color=\"\">Eln\u00f6k:<\/span><\/p>\n<p><span style=\"color: #00ffff;\" data-darkreader-inline-color=\"\">TOMP\u00c1N\u00c9 RAJNA T\u00dcNDE<\/span><\/p>\n<p><span style=\"color: #00ffff;\" data-darkreader-inline-color=\"\">Tagok:<\/span><\/p>\n<p><span style=\"color: #00ffff;\" data-darkreader-inline-color=\"\">Fazekas Anna<br \/>\nSzab\u00f3 Zs\u00f3fia<\/span><\/p>\n<p><span style=\"color: #00ffff;\" data-darkreader-inline-color=\"\"><strong>K\u00f6sz\u00f6nj\u00fck seg\u00edts\u00e9g\u00fcket!<\/strong><\/span><\/p>\n<p><span style=\"color: #00ffff;\" data-darkreader-inline-color=\"\">K\u00f6sz\u00f6net\u00fcnket szeretn\u00e9nk kifejezni mindazon kedves sz\u00fcl\u0151nek, megh\u00edvott vend\u00e9gnek,, akik az alap\u00edtv\u00e1nyi b\u00e1lon r\u00e9szt vettek, tombolat\u00e1rgyat aj\u00e1nlottak fel, vagy t\u00e1mogat\u00f3i jegyet v\u00e1s\u00e1roltak \u00e9s ezzel seg\u00edtettek.<\/span><\/p>\n","protected":false},"excerpt":{"rendered":"<p>Szeretettel k\u00f6sz\u00f6ntj\u00fck a saj\u00f3l\u00e1di\u00a0Fr\u00e1ter Gy\u00f6rgy Katolikus \u00c1ltal\u00e1nos Iskola\u00a0\u00e9s Alapfok\u00fa M\u0171v\u00e9szetoktat\u00e1si Iskola honlapj\u00e1n! &nbsp; R\u00e9g\u00f3ta d\u00e9delgetett \u00e1lmunk, hogy minden, iskol\u00e1nkr\u00f3l \u00e9rdekl\u0151d\u0151 ember, sz\u00fcl\u0151, di\u00e1k, volt vagy leend\u0151 tan\u00edtv\u00e1nyunk, az interneten kereszt\u00fcl is bepillant\u00e1st nyerhessen \u00e9let\u00fcnkbe, legyen az a m\u00falt, a jelen vagy a j\u00f6v\u0151, k\u00e9pet kapjon h\u00e9tk\u00f6znapjainkr\u00f3l, rendezv\u00e9nyeinkr\u0151l, sikereinkr\u0151l. Els\u0151dleges feladatunknak azt tekintj\u00fck, hogy minden olyan &#8230;<\/p>\n","protected":false},"author":2,"featured_media":0,"parent":0,"menu_order":0,"comment_status":"closed","ping_status":"closed","template":"","meta":{"footnotes":""},"class_list":["post-71","page","type-page","status-publish","hentry"],"_links":{"self":[{"href":"http:\/\/fratersajolad.hu\/index.php?rest_route=\/wp\/v2\/pages\/71","targetHints":{"allow":["GET"]}}],"collection":[{"href":"http:\/\/fratersajolad.hu\/index.php?rest_route=\/wp\/v2\/pages"}],"about":[{"href":"http:\/\/fratersajolad.hu\/index.php?rest_route=\/wp\/v2\/types\/page"}],"author":[{"embeddable":true,"href":"http:\/\/fratersajolad.hu\/index.php?rest_route=\/wp\/v2\/users\/2"}],"replies":[{"embeddable":true,"href":"http:\/\/fratersajolad.hu\/index.php?rest_route=%2Fwp%2Fv2%2Fcomments&post=71"}],"version-history":[{"count":84,"href":"http:\/\/fratersajolad.hu\/index.php?rest_route=\/wp\/v2\/pages\/71\/revisions"}],"predecessor-version":[{"id":10354,"href":"http:\/\/fratersajolad.hu\/index.php?rest_route=\/wp\/v2\/pages\/71\/revisions\/10354"}],"wp:attachment":[{"href":"http:\/\/fratersajolad.hu\/index.php?rest_route=%2Fwp%2Fv2%2Fmedia&parent=71"}],"curies":[{"name":"wp","href":"https:\/\/api.w.org\/{rel}","templated":true}]}}